{"id":7051,"date":"2021-10-02T11:10:33","date_gmt":"2021-10-02T09:10:33","guid":{"rendered":"https:\/\/sparrtner-performance.com\/?page_id=7051"},"modified":"2023-01-12T17:07:36","modified_gmt":"2023-01-12T16:07:36","slug":"impressum","status":"publish","type":"page","link":"https:\/\/sparrtner-performance.com\/en\/impressum\/","title":{"rendered":"Legal information"},"content":{"rendered":"<div data-elementor-type=\"wp-page\" data-elementor-id=\"7051\" class=\"elementor elementor-7051\" data-elementor-post-type=\"page\">\n\t\t\t\t\t\t<section class=\"elementor-section elementor-top-section elementor-element elementor-element-1c6d9f0f elementor-section-boxed elementor-section-height-default elementor-section-height-default\" data-id=\"1c6d9f0f\" data-element_type=\"section\" data-settings=\"{&quot;background_background&quot;:&quot;classic&quot;,&quot;jet_parallax_layout_list&quot;:[{&quot;_id&quot;:&quot;1163d73&quot;,&quot;jet_parallax_layout_image&quot;:{&quot;url&quot;:&quot;&quot;,&quot;id&quot;:&quot;&quot;,&quot;size&quot;:&quot;&quot;},&quot;jet_parallax_layout_image_tablet&quot;:{&quot;url&quot;:&quot;&quot;,&quot;id&quot;:&quot;&quot;,&quot;size&quot;:&quot;&quot;},&quot;jet_parallax_layout_image_mobile&quot;:{&quot;url&quot;:&quot;&quot;,&quot;id&quot;:&quot;&quot;,&quot;size&quot;:&quot;&quot;},&quot;jet_parallax_layout_speed&quot;:{&quot;unit&quot;:&quot;%&quot;,&quot;size&quot;:50,&quot;sizes&quot;:[]},&quot;jet_parallax_layout_type&quot;:&quot;scroll&quot;,&quot;jet_parallax_layout_direction&quot;:null,&quot;jet_parallax_layout_fx_direction&quot;:null,&quot;jet_parallax_layout_z_index&quot;:&quot;&quot;,&quot;jet_parallax_layout_bg_x&quot;:50,&quot;jet_parallax_layout_bg_x_tablet&quot;:&quot;&quot;,&quot;jet_parallax_layout_bg_x_mobile&quot;:&quot;&quot;,&quot;jet_parallax_layout_bg_y&quot;:50,&quot;jet_parallax_layout_bg_y_tablet&quot;:&quot;&quot;,&quot;jet_parallax_layout_bg_y_mobile&quot;:&quot;&quot;,&quot;jet_parallax_layout_bg_size&quot;:&quot;auto&quot;,&quot;jet_parallax_layout_bg_size_tablet&quot;:&quot;&quot;,&quot;jet_parallax_layout_bg_size_mobile&quot;:&quot;&quot;,&quot;jet_parallax_layout_animation_prop&quot;:&quot;transform&quot;,&quot;jet_parallax_layout_on&quot;:[&quot;desktop&quot;,&quot;tablet&quot;]}]}\">\n\t\t\t\t\t\t\t<div class=\"elementor-background-overlay\"><\/div>\n\t\t\t\t\t\t\t<div class=\"elementor-container elementor-column-gap-default\">\n\t\t\t\t\t<div class=\"elementor-column elementor-col-100 elementor-top-column elementor-element elementor-element-70c37cf5\" data-id=\"70c37cf5\" data-element_type=\"column\">\n\t\t\t<div class=\"elementor-widget-wrap elementor-element-populated\">\n\t\t\t\t\t\t<div class=\"elementor-element elementor-element-7dda73cb elementor-invisible elementor-widget elementor-widget-heading\" data-id=\"7dda73cb\" data-element_type=\"widget\" data-settings=\"{&quot;_animation&quot;:&quot;fadeInUp&quot;}\" data-widget_type=\"heading.default\">\n\t\t\t\t<div class=\"elementor-widget-container\">\n\t\t\t<h2 class=\"elementor-heading-title elementor-size-default\">Legal information<\/h2>\t\t<\/div>\n\t\t\t\t<\/div>\n\t\t\t\t\t<\/div>\n\t\t<\/div>\n\t\t\t\t\t<\/div>\n\t\t<\/section>\n\t\t\t\t<section class=\"elementor-section elementor-top-section elementor-element elementor-element-79393a0a elementor-section-boxed elementor-section-height-default elementor-section-height-default\" data-id=\"79393a0a\" data-element_type=\"section\" data-settings=\"{&quot;jet_parallax_layout_list&quot;:[{&quot;_id&quot;:&quot;8f2d77a&quot;,&quot;jet_parallax_layout_image&quot;:{&quot;url&quot;:&quot;&quot;,&quot;id&quot;:&quot;&quot;,&quot;size&quot;:&quot;&quot;},&quot;jet_parallax_layout_image_tablet&quot;:{&quot;url&quot;:&quot;&quot;,&quot;id&quot;:&quot;&quot;,&quot;size&quot;:&quot;&quot;},&quot;jet_parallax_layout_image_mobile&quot;:{&quot;url&quot;:&quot;&quot;,&quot;id&quot;:&quot;&quot;,&quot;size&quot;:&quot;&quot;},&quot;jet_parallax_layout_speed&quot;:{&quot;unit&quot;:&quot;%&quot;,&quot;size&quot;:50,&quot;sizes&quot;:[]},&quot;jet_parallax_layout_type&quot;:&quot;scroll&quot;,&quot;jet_parallax_layout_direction&quot;:null,&quot;jet_parallax_layout_fx_direction&quot;:null,&quot;jet_parallax_layout_z_index&quot;:&quot;&quot;,&quot;jet_parallax_layout_bg_x&quot;:50,&quot;jet_parallax_layout_bg_x_tablet&quot;:&quot;&quot;,&quot;jet_parallax_layout_bg_x_mobile&quot;:&quot;&quot;,&quot;jet_parallax_layout_bg_y&quot;:50,&quot;jet_parallax_layout_bg_y_tablet&quot;:&quot;&quot;,&quot;jet_parallax_layout_bg_y_mobile&quot;:&quot;&quot;,&quot;jet_parallax_layout_bg_size&quot;:&quot;auto&quot;,&quot;jet_parallax_layout_bg_size_tablet&quot;:&quot;&quot;,&quot;jet_parallax_layout_bg_size_mobile&quot;:&quot;&quot;,&quot;jet_parallax_layout_animation_prop&quot;:&quot;transform&quot;,&quot;jet_parallax_layout_on&quot;:[&quot;desktop&quot;,&quot;tablet&quot;]}]}\">\n\t\t\t\t\t\t<div class=\"elementor-container elementor-column-gap-default\">\n\t\t\t\t\t<div class=\"elementor-column elementor-col-100 elementor-top-column elementor-element elementor-element-7596f3a6 elementor-invisible\" data-id=\"7596f3a6\" data-element_type=\"column\" data-settings=\"{&quot;animation&quot;:&quot;fadeInLeft&quot;}\">\n\t\t\t<div class=\"elementor-widget-wrap elementor-element-populated\">\n\t\t\t\t\t\t<div class=\"elementor-element elementor-element-56175eae elementor-widget elementor-widget-text-editor\" data-id=\"56175eae\" data-element_type=\"widget\" data-widget_type=\"text-editor.default\">\n\t\t\t\t<div class=\"elementor-widget-container\">\n\t\t\t\t\t\t\t<h3>Responsible for the content of this website<\/h3><h3 class=\"title\">SPARRTNER PERFORMANCE SYSTEMS<\/h3><p class=\"Text\">ASRO CONSULTING AG<br \/>HURDENERW\u00c4LDLISTRASSE 24<br \/>CH-8808 PF\u00c4FFIKON<\/p><p><strong>email:<\/strong> office@sparrtner-performance.com<br \/><strong>Web:<\/strong> www.sparrtner-performance.com<\/p><p><strong>VR:<\/strong> Peter B\u00fchler<br \/><strong>HR number<\/strong> CH-130.3.014.950-4<br \/><strong>Legal form<\/strong> Aktiengesellschaft<br \/><strong>VAT:<\/strong> CHE-115.107.185<\/p><p><span style=\"color: #000000;\"><a style=\"color: #000000;\" href=\"https:\/\/handelsregister.help.ch\/aktiengesellschaft.cfm?nr=CH-130.3.014.950-4&amp;name=ASRO-Consulting-AG\" target=\"_blank\" rel=\"noopener\"><span style=\"text-decoration: underline;\"><strong>To the commercial register entry<\/strong><\/span><\/a><\/span><\/p><div class=\"elementor-element elementor-element-6fcd1cd elementor-widget elementor-widget-text-editor animated fadeInUp\" data-id=\"6fcd1cd\" data-element_type=\"widget\" data-settings=\"{\" data-widget_type=\"text-editor.default\"><div class=\"elementor-widget-container\"><p><strong>Copyright:<\/strong> All contents of this website are protected by copyright.<\/p><p><strong>Image rights<\/strong> Stock photos from www.freepik.com were used on this website. These images were acquired from Obskura\nand made available to ASRO CONSULTING AG under the Freepik license agreement. <span style=\"color: #000000;\">von <a style=\"color: #000000;\" href=\"http:\/\/www.freepik.com\/\" target=\"_blank\" rel=\"noopener\"><span style=\"text-decoration: underline;\">www.freepik.com<\/span><\/a> verwendet. Diese Bilder wurden von <a style=\"color: #000000;\" href=\"https:\/\/agentur-obskura.com\/\" target=\"_blank\" rel=\"noopener\"><span style=\"text-decoration: underline;\">Agentur Obskura<\/span><\/a> <\/span>erworben und der ASRO CONSULTING AG im Rahmen der Freepik-Lizenzvereinbarung zur Verf\u00fcgung gestellt.<\/p><div class=\"elementor-element elementor-element-0ef8d82 elementor-widget elementor-widget-heading animated fadeInUp\" data-id=\"0ef8d82\" data-element_type=\"widget\" data-settings=\"{\" data-widget_type=\"heading.default\"><div class=\"elementor-widget-container\"><h3 class=\"elementor-heading-title elementor-size-default\">\u00a0<\/h3><\/div><\/div><\/div><\/div>\t\t\t\t\t\t<\/div>\n\t\t\t\t<\/div>\n\t\t\t\t<div class=\"elementor-element elementor-element-69983570 elementor-widget-divider--view-line elementor-widget elementor-widget-divider\" data-id=\"69983570\" data-element_type=\"widget\" data-widget_type=\"divider.default\">\n\t\t\t\t<div class=\"elementor-widget-container\">\n\t\t\t\t\t<div class=\"elementor-divider\">\n\t\t\t<span class=\"elementor-divider-separator\">\n\t\t\t\t\t\t<\/span>\n\t\t<\/div>\n\t\t\t\t<\/div>\n\t\t\t\t<\/div>\n\t\t\t\t<div class=\"elementor-element elementor-element-19c6ae73 elementor-widget elementor-widget-heading\" data-id=\"19c6ae73\" data-element_type=\"widget\" data-widget_type=\"heading.default\">\n\t\t\t\t<div class=\"elementor-widget-container\">\n\t\t\t<h4 class=\"elementor-heading-title elementor-size-default\">Verantwortlich f\u00fcr Webdesign &amp; Gestaltung<\/h4>\t\t<\/div>\n\t\t\t\t<\/div>\n\t\t\t\t<div class=\"elementor-element elementor-element-48515ec6 elementor-widget elementor-widget-image\" data-id=\"48515ec6\" data-element_type=\"widget\" data-widget_type=\"image.default\">\n\t\t\t\t<div class=\"elementor-widget-container\">\n\t\t\t\t\t\t\t\t\t\t\t\t\t\t<a href=\"https:\/\/imagehochzwei.com\/\" target=\"_blank\">\n\t\t\t\t\t\t\t<img fetchpriority=\"high\" decoding=\"async\" width=\"1024\" height=\"354\" src=\"https:\/\/sparrtner-performance.com\/wp-content\/uploads\/2023\/01\/schriftzug_iimage2_schwarzbildschirm-1024x354.png\" class=\"attachment-large size-large wp-image-7563\" alt=\"Logo image\u00b2\" srcset=\"https:\/\/sparrtner-performance.com\/wp-content\/uploads\/2023\/01\/schriftzug_iimage2_schwarzbildschirm-1024x354.png 1024w, https:\/\/sparrtner-performance.com\/wp-content\/uploads\/2023\/01\/schriftzug_iimage2_schwarzbildschirm-300x104.png 300w, https:\/\/sparrtner-performance.com\/wp-content\/uploads\/2023\/01\/schriftzug_iimage2_schwarzbildschirm-768x265.png 768w, https:\/\/sparrtner-performance.com\/wp-content\/uploads\/2023\/01\/schriftzug_iimage2_schwarzbildschirm-1536x531.png 1536w, https:\/\/sparrtner-performance.com\/wp-content\/uploads\/2023\/01\/schriftzug_iimage2_schwarzbildschirm-2048x707.png 2048w, https:\/\/sparrtner-performance.com\/wp-content\/uploads\/2023\/01\/schriftzug_iimage2_schwarzbildschirm-18x6.png 18w\" sizes=\"(max-width: 1024px) 100vw, 1024px\" \/>\t\t\t\t\t\t\t\t<\/a>\n\t\t\t\t\t\t\t\t\t\t\t\t\t<\/div>\n\t\t\t\t<\/div>\n\t\t\t\t<div class=\"elementor-element elementor-element-6457de9 elementor-widget-divider--view-line elementor-widget elementor-widget-divider\" data-id=\"6457de9\" data-element_type=\"widget\" data-widget_type=\"divider.default\">\n\t\t\t\t<div class=\"elementor-widget-container\">\n\t\t\t\t\t<div class=\"elementor-divider\">\n\t\t\t<span class=\"elementor-divider-separator\">\n\t\t\t\t\t\t<\/span>\n\t\t<\/div>\n\t\t\t\t<\/div>\n\t\t\t\t<\/div>\n\t\t\t\t<div class=\"elementor-element elementor-element-1f794ba elementor-widget elementor-widget-text-editor\" data-id=\"1f794ba\" data-element_type=\"widget\" data-widget_type=\"text-editor.default\">\n\t\t\t\t<div class=\"elementor-widget-container\">\n\t\t\t\t\t\t\t<p><strong>Pictures of Roland Friedl: \u00a9 <\/strong><a href=\"https:\/\/www.instagram.com\/liebesrausch\/\" target=\"_blank\" rel=\"noopener\"><strong><span style=\"color: #000000;\">Agnes Slupek<\/span><\/strong><\/a><\/p>\t\t\t\t\t\t<\/div>\n\t\t\t\t<\/div>\n\t\t\t\t\t<\/div>\n\t\t<\/div>\n\t\t\t\t\t<\/div>\n\t\t<\/section>\n\t\t\t\t<\/div>","protected":false},"excerpt":{"rendered":"<p>Impressum Verantwortlich f\u00fcr die Inhalte dieser Website SPARRTNER PERFORMANCE SYSTEMS ASRO CONSULTING AGHURDENERW\u00c4LDLISTRASSE 24CH-8808 PF\u00c4FFIKON E-Mail: office@sparrtner-performance.comWeb: www.sparrtner-performance.com VR: Peter B\u00fchlerHR-Nummer: CH-130.3.014.950-4Rechtsform: AktiengesellschaftUID: CHE-115.107.185 Zum Handelsregister-Eintrag Urheberrecht: Alle Inhalte dieser Website sind urheberrechtlich gesch\u00fctzt. Bildrechte: Auf dieser Website wurden Stockfotos von www.freepik.com verwendet. Diese Bilder wurden von Agentur Obskura erworben und der ASRO CONSULTING AG &#8230; <a title=\"Legal information\" class=\"read-more\" href=\"https:\/\/sparrtner-performance.com\/en\/impressum\/\" aria-label=\"Read more about Impressum\">Read more<\/a><\/p>","protected":false},"author":23,"featured_media":0,"parent":0,"menu_order":0,"comment_status":"closed","ping_status":"closed","template":"elementor_header_footer","meta":{"_acf_changed":false,"footnotes":""},"class_list":["post-7051","page","type-page","status-publish"],"acf":[],"yoast_head":"<!-- This site is optimized with the Yoast SEO plugin v23.7 - https:\/\/yoast.com\/wordpress\/plugins\/seo\/ -->\n<title>Impressum - SPS<\/title>\n<meta name=\"robots\" content=\"noindex, nofollow\" \/>\n<meta property=\"og:locale\" content=\"en_US\" \/>\n<meta property=\"og:type\" content=\"article\" \/>\n<meta property=\"og:title\" content=\"Impressum - SPS\" \/>\n<meta property=\"og:description\" content=\"Impressum Verantwortlich f\u00fcr die Inhalte dieser Website SPARRTNER PERFORMANCE SYSTEMS ASRO CONSULTING AGHURDENERW\u00c4LDLISTRASSE 24CH-8808 PF\u00c4FFIKON E-Mail: office@sparrtner-performance.comWeb: www.sparrtner-performance.com VR: Peter B\u00fchlerHR-Nummer: CH-130.3.014.950-4Rechtsform: AktiengesellschaftUID: CHE-115.107.185 Zum Handelsregister-Eintrag Urheberrecht: Alle Inhalte dieser Website sind urheberrechtlich gesch\u00fctzt. Bildrechte: Auf dieser Website wurden Stockfotos von www.freepik.com verwendet. Diese Bilder wurden von Agentur Obskura erworben und der ASRO CONSULTING AG ... Read more\" \/>\n<meta property=\"og:url\" content=\"https:\/\/sparrtner-performance.com\/en\/impressum\/\" \/>\n<meta property=\"og:site_name\" content=\"SPS\" \/>\n<meta property=\"article:modified_time\" content=\"2023-01-12T16:07:36+00:00\" \/>\n<meta property=\"og:image\" content=\"https:\/\/sparrtner-performance.com\/wp-content\/uploads\/2023\/01\/schriftzug_iimage2_schwarzbildschirm-1024x354.png\" \/>\n<meta name=\"twitter:card\" content=\"summary_large_image\" \/>\n<meta name=\"twitter:label1\" content=\"Est. reading time\" \/>\n\t<meta name=\"twitter:data1\" content=\"1 minute\" \/>\n<script type=\"application\/ld+json\" class=\"yoast-schema-graph\">{\"@context\":\"https:\/\/schema.org\",\"@graph\":[{\"@type\":\"WebPage\",\"@id\":\"https:\/\/sparrtner-performance.com\/impressum\/\",\"url\":\"https:\/\/sparrtner-performance.com\/impressum\/\",\"name\":\"Impressum - SPS\",\"isPartOf\":{\"@id\":\"https:\/\/sparrtner-performance.com\/#website\"},\"primaryImageOfPage\":{\"@id\":\"https:\/\/sparrtner-performance.com\/impressum\/#primaryimage\"},\"image\":{\"@id\":\"https:\/\/sparrtner-performance.com\/impressum\/#primaryimage\"},\"thumbnailUrl\":\"https:\/\/sparrtner-performance.com\/wp-content\/uploads\/2023\/01\/schriftzug_iimage2_schwarzbildschirm-1024x354.png\",\"datePublished\":\"2021-10-02T09:10:33+00:00\",\"dateModified\":\"2023-01-12T16:07:36+00:00\",\"breadcrumb\":{\"@id\":\"https:\/\/sparrtner-performance.com\/impressum\/#breadcrumb\"},\"inLanguage\":\"en-US\",\"potentialAction\":[{\"@type\":\"ReadAction\",\"target\":[\"https:\/\/sparrtner-performance.com\/impressum\/\"]}]},{\"@type\":\"ImageObject\",\"inLanguage\":\"en-US\",\"@id\":\"https:\/\/sparrtner-performance.com\/impressum\/#primaryimage\",\"url\":\"https:\/\/sparrtner-performance.com\/wp-content\/uploads\/2023\/01\/schriftzug_iimage2_schwarzbildschirm-1024x354.png\",\"contentUrl\":\"https:\/\/sparrtner-performance.com\/wp-content\/uploads\/2023\/01\/schriftzug_iimage2_schwarzbildschirm-1024x354.png\"},{\"@type\":\"BreadcrumbList\",\"@id\":\"https:\/\/sparrtner-performance.com\/impressum\/#breadcrumb\",\"itemListElement\":[{\"@type\":\"ListItem\",\"position\":1,\"name\":\"Home\",\"item\":\"https:\/\/sparrtner-performance.com\/\"},{\"@type\":\"ListItem\",\"position\":2,\"name\":\"Impressum\"}]},{\"@type\":\"WebSite\",\"@id\":\"https:\/\/sparrtner-performance.com\/#website\",\"url\":\"https:\/\/sparrtner-performance.com\/\",\"name\":\"SPS\",\"description\":\"Sparrtner Performance Systems\",\"publisher\":{\"@id\":\"https:\/\/sparrtner-performance.com\/#organization\"},\"potentialAction\":[{\"@type\":\"SearchAction\",\"target\":{\"@type\":\"EntryPoint\",\"urlTemplate\":\"https:\/\/sparrtner-performance.com\/?s={search_term_string}\"},\"query-input\":{\"@type\":\"PropertyValueSpecification\",\"valueRequired\":true,\"valueName\":\"search_term_string\"}}],\"inLanguage\":\"en-US\"},{\"@type\":\"Organization\",\"@id\":\"https:\/\/sparrtner-performance.com\/#organization\",\"name\":\"Sparrtner Performance Systems\",\"url\":\"https:\/\/sparrtner-performance.com\/\",\"logo\":{\"@type\":\"ImageObject\",\"inLanguage\":\"en-US\",\"@id\":\"https:\/\/sparrtner-performance.com\/#\/schema\/logo\/image\/\",\"url\":\"https:\/\/sparrtner-performance.com\/wp-content\/uploads\/2021\/10\/Logo_SPS.png\",\"contentUrl\":\"https:\/\/sparrtner-performance.com\/wp-content\/uploads\/2021\/10\/Logo_SPS.png\",\"width\":512,\"height\":266,\"caption\":\"Sparrtner Performance Systems\"},\"image\":{\"@id\":\"https:\/\/sparrtner-performance.com\/#\/schema\/logo\/image\/\"}}]}<\/script>\n<!-- \/ Yoast SEO plugin. -->","yoast_head_json":{"title":"Impressum - SPS","robots":{"index":"noindex","follow":"nofollow"},"og_locale":"en_US","og_type":"article","og_title":"Impressum - SPS","og_description":"Impressum Verantwortlich f\u00fcr die Inhalte dieser Website SPARRTNER PERFORMANCE SYSTEMS ASRO CONSULTING AGHURDENERW\u00c4LDLISTRASSE 24CH-8808 PF\u00c4FFIKON E-Mail: office@sparrtner-performance.comWeb: www.sparrtner-performance.com VR: Peter B\u00fchlerHR-Nummer: CH-130.3.014.950-4Rechtsform: AktiengesellschaftUID: CHE-115.107.185 Zum Handelsregister-Eintrag Urheberrecht: Alle Inhalte dieser Website sind urheberrechtlich gesch\u00fctzt. Bildrechte: Auf dieser Website wurden Stockfotos von www.freepik.com verwendet. Diese Bilder wurden von Agentur Obskura erworben und der ASRO CONSULTING AG ... Read more","og_url":"https:\/\/sparrtner-performance.com\/en\/impressum\/","og_site_name":"SPS","article_modified_time":"2023-01-12T16:07:36+00:00","og_image":[{"url":"https:\/\/sparrtner-performance.com\/wp-content\/uploads\/2023\/01\/schriftzug_iimage2_schwarzbildschirm-1024x354.png"}],"twitter_card":"summary_large_image","twitter_misc":{"Est. reading time":"1 minute"},"schema":{"@context":"https:\/\/schema.org","@graph":[{"@type":"WebPage","@id":"https:\/\/sparrtner-performance.com\/impressum\/","url":"https:\/\/sparrtner-performance.com\/impressum\/","name":"Impressum - SPS","isPartOf":{"@id":"https:\/\/sparrtner-performance.com\/#website"},"primaryImageOfPage":{"@id":"https:\/\/sparrtner-performance.com\/impressum\/#primaryimage"},"image":{"@id":"https:\/\/sparrtner-performance.com\/impressum\/#primaryimage"},"thumbnailUrl":"https:\/\/sparrtner-performance.com\/wp-content\/uploads\/2023\/01\/schriftzug_iimage2_schwarzbildschirm-1024x354.png","datePublished":"2021-10-02T09:10:33+00:00","dateModified":"2023-01-12T16:07:36+00:00","breadcrumb":{"@id":"https:\/\/sparrtner-performance.com\/impressum\/#breadcrumb"},"inLanguage":"en-US","potentialAction":[{"@type":"ReadAction","target":["https:\/\/sparrtner-performance.com\/impressum\/"]}]},{"@type":"ImageObject","inLanguage":"en-US","@id":"https:\/\/sparrtner-performance.com\/impressum\/#primaryimage","url":"https:\/\/sparrtner-performance.com\/wp-content\/uploads\/2023\/01\/schriftzug_iimage2_schwarzbildschirm-1024x354.png","contentUrl":"https:\/\/sparrtner-performance.com\/wp-content\/uploads\/2023\/01\/schriftzug_iimage2_schwarzbildschirm-1024x354.png"},{"@type":"BreadcrumbList","@id":"https:\/\/sparrtner-performance.com\/impressum\/#breadcrumb","itemListElement":[{"@type":"ListItem","position":1,"name":"Home","item":"https:\/\/sparrtner-performance.com\/"},{"@type":"ListItem","position":2,"name":"Impressum"}]},{"@type":"WebSite","@id":"https:\/\/sparrtner-performance.com\/#website","url":"https:\/\/sparrtner-performance.com\/","name":"SPS","description":"Sparrtner Performance Systems","publisher":{"@id":"https:\/\/sparrtner-performance.com\/#organization"},"potentialAction":[{"@type":"SearchAction","target":{"@type":"EntryPoint","urlTemplate":"https:\/\/sparrtner-performance.com\/?s={search_term_string}"},"query-input":{"@type":"PropertyValueSpecification","valueRequired":true,"valueName":"search_term_string"}}],"inLanguage":"en-US"},{"@type":"Organization","@id":"https:\/\/sparrtner-performance.com\/#organization","name":"Sparrtner Performance Systems","url":"https:\/\/sparrtner-performance.com\/","logo":{"@type":"ImageObject","inLanguage":"en-US","@id":"https:\/\/sparrtner-performance.com\/#\/schema\/logo\/image\/","url":"https:\/\/sparrtner-performance.com\/wp-content\/uploads\/2021\/10\/Logo_SPS.png","contentUrl":"https:\/\/sparrtner-performance.com\/wp-content\/uploads\/2021\/10\/Logo_SPS.png","width":512,"height":266,"caption":"Sparrtner Performance Systems"},"image":{"@id":"https:\/\/sparrtner-performance.com\/#\/schema\/logo\/image\/"}}]}},"_links":{"self":[{"href":"https:\/\/sparrtner-performance.com\/en\/wp-json\/wp\/v2\/pages\/7051","targetHints":{"allow":["GET"]}}],"collection":[{"href":"https:\/\/sparrtner-performance.com\/en\/wp-json\/wp\/v2\/pages"}],"about":[{"href":"https:\/\/sparrtner-performance.com\/en\/wp-json\/wp\/v2\/types\/page"}],"author":[{"embeddable":true,"href":"https:\/\/sparrtner-performance.com\/en\/wp-json\/wp\/v2\/users\/23"}],"replies":[{"embeddable":true,"href":"https:\/\/sparrtner-performance.com\/en\/wp-json\/wp\/v2\/comments?post=7051"}],"version-history":[{"count":11,"href":"https:\/\/sparrtner-performance.com\/en\/wp-json\/wp\/v2\/pages\/7051\/revisions"}],"predecessor-version":[{"id":7566,"href":"https:\/\/sparrtner-performance.com\/en\/wp-json\/wp\/v2\/pages\/7051\/revisions\/7566"}],"wp:attachment":[{"href":"https:\/\/sparrtner-performance.com\/en\/wp-json\/wp\/v2\/media?parent=7051"}],"curies":[{"name":"wp","href":"https:\/\/api.w.org\/{rel}","templated":true}]}}